{"id":234,"date":"2022-02-06T22:56:34","date_gmt":"2022-02-06T22:56:34","guid":{"rendered":"https:\/\/www.monikaskrodzka.pl\/?page_id=234"},"modified":"2022-06-16T18:01:13","modified_gmt":"2022-06-16T18:01:13","slug":"moje-webinaria-wywiady-i-rozmowy","status":"publish","type":"page","link":"https:\/\/www.monikaskrodzka.pl\/index.php\/moje-webinaria-wywiady-i-rozmowy\/","title":{"rendered":"Moje webinaria, wywiady i rozmowy"},"content":{"rendered":"\n<h2 class=\"wp-block-heading\"><mark style=\"background-color:rgba(0, 0, 0, 0)\" class=\"has-inline-color has-vivid-red-color\">Inteligencja emocjonalna<\/mark><\/h2>\n\n\n\n<p>\ud83d\udd35 Inteligencja emocjonalna &#8211; temat ostatnio modny, ale niezmiennie i niepodwa\u017calnie wa\u017cny. Zw\u0142aszcza w pracy mened\u017cera. Dlatego tym bardziej zach\u0119cam Was do obejrzenia i wys\u0142uchania mojej rozmowy z <a rel=\"noreferrer noopener\" href=\"https:\/\/www.linkedin.com\/in\/szkoleniedlaqa\/\" target=\"_blank\">Adamem Gol\u0105<\/a>, w kt\u00f3rej znajdziecie mn\u00f3stwo ciekawych przyk\u0142ad\u00f3w, rad i wskaz\u00f3wek z ni\u0105 zwi\u0105zanych. <br><strong><mark style=\"background-color:rgba(0, 0, 0, 0)\" class=\"has-inline-color has-vivid-cyan-blue-color\">Przy okazji tak\u017ce propozycja \ud83d\ude42<\/mark><\/strong><br>Dla wszystkich zainteresowanych problematyk\u0105 inteligencji emocjonalnej \u2013 mam propozycj\u0119. Je\u015bli chcecie zg\u0142\u0119bi\u0107 ten temat, z ch\u0119ci\u0105 udost\u0119pni\u0119 Wam wa\u017cn\u0105 i s\u0142ynn\u0105 ksi\u0105\u017ck\u0119 Daniela Golemana, psychologa zajmuj\u0105cego si\u0119 inteligencj\u0105 emocjonaln\u0105 w praktyce. <br><strong>Napiszcie do mnie<\/strong> &gt; <a rel=\"noreferrer noopener\" href=\"mailto:monika@monikaskrodzka.pl\" target=\"_blank\">monika@monikaskrodzka.pl<\/a><\/p>\n\n\n\n<figure class=\"wp-block-image size-large\"><a href=\"https:\/\/drive.google.com\/file\/d\/1A8tvyZrWYTB3w17TrqBk_ChiKXHdowZV\/view?usp=sharing\"><img loading=\"lazy\" decoding=\"async\" width=\"1024\" height=\"576\" src=\"https:\/\/www.monikaskrodzka.pl\/wp-content\/uploads\/2022\/03\/Cytat-1024x576.jpg\" alt=\"\" class=\"wp-image-309\" srcset=\"https:\/\/www.monikaskrodzka.pl\/wp-content\/uploads\/2022\/03\/Cytat-1024x576.jpg 1024w, https:\/\/www.monikaskrodzka.pl\/wp-content\/uploads\/2022\/03\/Cytat-300x169.jpg 300w, https:\/\/www.monikaskrodzka.pl\/wp-content\/uploads\/2022\/03\/Cytat-768x432.jpg 768w, https:\/\/www.monikaskrodzka.pl\/wp-content\/uploads\/2022\/03\/Cytat-1536x864.jpg 1536w, https:\/\/www.monikaskrodzka.pl\/wp-content\/uploads\/2022\/03\/Cytat-720x405.jpg 720w, https:\/\/www.monikaskrodzka.pl\/wp-content\/uploads\/2022\/03\/Cytat-560x315.jpg 560w, https:\/\/www.monikaskrodzka.pl\/wp-content\/uploads\/2022\/03\/Cytat.jpg 1920w\" sizes=\"auto, (max-width: 1024px) 100vw, 1024px\" \/><\/a><\/figure>\n\n\n\n<h2 class=\"wp-block-heading\" id=\"aktywne-sluchanie-buduje-zaufanie\"><mark style=\"background-color:rgba(0, 0, 0, 0)\" class=\"has-inline-color has-vivid-red-color\">Aktywne s\u0142uchanie buduje zaufanie<\/mark><\/h2>\n\n\n\n<p>\ud83d\udd35 Pod koniec grudnia 2021, tu\u017c przed \u015awi\u0119tami &#8211; rozmawiali\u015bmy z <a rel=\"noreferrer noopener\" href=\"https:\/\/www.linkedin.com\/in\/tobiaszmajstrenko\/\" target=\"_blank\">Tobiaszem Majstrenko<\/a> o aktywnym s\u0142uchaniu. By\u0142o o warto\u015bciach p\u0142yn\u0105cych z zaanga\u017cowanego s\u0142uchania, o empatii, o tym czym jest dobra relacja i dlaczego tak wa\u017cne, w jej budowanie, jest nie tylko m\u00f3wienie, ale tak\u017ce, a mo\u017ce przede wszystkim \u2796 <a href=\"https:\/\/www.linkedin.com\/feed\/hashtag\/?keywords=%23s%C5%82uchanie\">#s\u0142uchanie<\/a>. <\/p>\n\n\n\n<p>\u2714\ufe0f Rozmowa z Tobiaszem mia\u0142a miejsce, co prawda &#8211; ponad miesi\u0105c temu, ale uzna\u0142am, \u017ce jest ciekawa, \u017ce przynosi wiele warto\u015bciowych wniosk\u00f3w i refleksji, dlatego warto si\u0119 ni\u0105 podzieli\u0107. Gor\u0105co namawiam do jej wys\u0142uchania \u270c\ufe0f<\/p>\n\n\n\n<figure class=\"wp-block-image size-large\"><a href=\"https:\/\/drive.google.com\/file\/d\/1f_wYJBb8FNW9Uh83P9C2rEiuT3-Tqk5e\/view\" target=\"_blank\" rel=\"noopener\"><img loading=\"lazy\" decoding=\"async\" width=\"1024\" height=\"587\" src=\"https:\/\/www.monikaskrodzka.pl\/wp-content\/uploads\/2022\/02\/MTS-1-1024x587.jpg\" alt=\"\" class=\"wp-image-223\" srcset=\"https:\/\/www.monikaskrodzka.pl\/wp-content\/uploads\/2022\/02\/MTS-1-1024x587.jpg 1024w, https:\/\/www.monikaskrodzka.pl\/wp-content\/uploads\/2022\/02\/MTS-1-300x172.jpg 300w, https:\/\/www.monikaskrodzka.pl\/wp-content\/uploads\/2022\/02\/MTS-1-768x441.jpg 768w, https:\/\/www.monikaskrodzka.pl\/wp-content\/uploads\/2022\/02\/MTS-1-720x413.jpg 720w, https:\/\/www.monikaskrodzka.pl\/wp-content\/uploads\/2022\/02\/MTS-1-560x321.jpg 560w, https:\/\/www.monikaskrodzka.pl\/wp-content\/uploads\/2022\/02\/MTS-1.jpg 1255w\" sizes=\"auto, (max-width: 1024px) 100vw, 1024px\" \/><\/a><\/figure>\n\n\n\n<p><mark style=\"background-color:rgba(0, 0, 0, 0)\" class=\"has-inline-color has-white-color\">#<\/mark><\/p>\n\n\n\n<h2 class=\"wp-block-heading\" id=\"trudny-klient-fakty-i-mity\"><mark style=\"background-color:rgba(0, 0, 0, 0)\" class=\"has-inline-color has-vivid-red-color\">Trudny Klient. Fakty i mity<\/mark><\/h2>\n\n\n\n<p>\ud83d\udd35 <strong>Zapraszam Was<\/strong> do ciekawego wywiadu z <a rel=\"noreferrer noopener\" href=\"https:\/\/www.linkedin.com\/in\/piotrczerczuk\/\" target=\"_blank\">Piotrem Czerczukiem<\/a>, mened\u017cerem sprzeda\u017cy z wieloletnim do\u015bwiadczeniem handlowym, kt\u00f3ry z niejednego biznesowego pieca jad\u0142 chleb. Dos\u0142ownie. Has\u0142em przewodnim naszego spotkania by\u0142 temat&nbsp;<a href=\"https:\/\/www.linkedin.com\/feed\/hashtag\/?keywords=trudnyklient&amp;highlightedUpdateUrns=urn%3Ali%3Aactivity%3A6892103186149433344\">#TrudnyKlient<\/a>. Czy istnieje, kiedy, jak sobie z kim\u015b takim radzi\u0107, w jaki spos\u00f3b przeciwdzia\u0142a\u0107 tego typu sytuacjom? Piotr dzieli si\u0119 swoim do\u015bwiadczeniem, przywo\u0142uje praktyczne przyk\u0142ady, a ja broni\u0119 swojej tezy, \u017ce trudny Klient jest (prawie) jak legendarne&nbsp;<a href=\"https:\/\/www.linkedin.com\/feed\/hashtag\/?keywords=yeti&amp;highlightedUpdateUrns=urn%3Ali%3Aactivity%3A6892103186149433344\">#Yeti<\/a>, tzn wielu o nim m\u00f3wi, ale tak naprawd\u0119 nikt go nie widzia\u0142.<\/p>\n\n\n\n<figure class=\"wp-block-image size-large\"><img loading=\"lazy\" decoding=\"async\" width=\"1024\" height=\"576\" src=\"https:\/\/www.monikaskrodzka.pl\/wp-content\/uploads\/2022\/01\/MSF1-1024x576.jpg\" alt=\"\" class=\"wp-image-209\" srcset=\"https:\/\/www.monikaskrodzka.pl\/wp-content\/uploads\/2022\/01\/MSF1-1024x576.jpg 1024w, https:\/\/www.monikaskrodzka.pl\/wp-content\/uploads\/2022\/01\/MSF1-300x169.jpg 300w, https:\/\/www.monikaskrodzka.pl\/wp-content\/uploads\/2022\/01\/MSF1-768x432.jpg 768w, https:\/\/www.monikaskrodzka.pl\/wp-content\/uploads\/2022\/01\/MSF1-720x405.jpg 720w, https:\/\/www.monikaskrodzka.pl\/wp-content\/uploads\/2022\/01\/MSF1-560x315.jpg 560w, https:\/\/www.monikaskrodzka.pl\/wp-content\/uploads\/2022\/01\/MSF1.jpg 1280w\" sizes=\"auto, (max-width: 1024px) 100vw, 1024px\" \/><\/figure>\n\n\n\n<p>\u2714\ufe0f Wywiad\u0142 trwa\u0142 ponad p\u00f3\u0142torej godziny, zosta\u0142 wi\u0119c podzielony na cztery cz\u0119\u015bci, aby \u0142atwiej go mo\u017cna by\u0142o ch\u0142on\u0105\u0107 i wyci\u0105ga\u0107 warto\u015bciowe wnioski. Wierz\u0119, \u017ce nagranie dostarczy Wam wielu refleksji, i stanie si\u0119 ciekawym zasobem praktycznej wiedzy.<\/p>\n\n\n\n<p><strong>Poni\u017cej znajdziecie kolejne odcinki tej rozmowy. Serdecznie zapraszam do obejrzenia i wys\u0142uchania wywiadu.<\/strong><\/p>\n\n\n\n<p><a href=\"https:\/\/drive.google.com\/file\/d\/1vUIuHobGMx3m2ywgd0ojeF0ymg4XsMgO\/view?usp=sharing\" target=\"_blank\" rel=\"noreferrer noopener\">Trudny Klient cz\u0119\u015b\u0107 1<\/a><\/p>\n\n\n\n<p><a href=\"https:\/\/drive.google.com\/file\/d\/1IT0lb3Og9TiCEkqxHPX3BRbHa_4MbdZg\/view?usp=sharing\" target=\"_blank\" rel=\"noreferrer noopener\">Trudny Klient cz\u0119\u015b\u0107 2<\/a><\/p>\n\n\n\n<p><a href=\"https:\/\/drive.google.com\/file\/d\/1faglx8_Z0PfZFF43gor0_2VtNSUERleT\/view?usp=sharing\" target=\"_blank\" rel=\"noreferrer noopener\">Trudny Klient cz\u0119\u015b\u0107 3<\/a><\/p>\n\n\n\n<p><a rel=\"noreferrer noopener\" href=\"https:\/\/drive.google.com\/file\/d\/1TaqhEgsBmoO-_ZueB8dWU8kcg4BnBJMt\/view?usp=sharing\" target=\"_blank\">Trudny Klient cz\u0119\u015b\u0107 4<\/a><\/p>\n\n\n\n<p><mark style=\"background-color:rgba(0, 0, 0, 0)\" class=\"has-inline-color has-white-color\">#<\/mark><\/p>\n","protected":false},"excerpt":{"rendered":"<p>Inteligencja emocjonalna \ud83d\udd35 Inteligencja emocjonalna &#8211; temat ostatnio modny, ale niezmiennie i niepodwa\u017calnie wa\u017cny. Zw\u0142aszcza w pracy mened\u017cera. Dlatego tym bardziej zach\u0119cam Was do obejrzenia<\/p>\n","protected":false},"author":1,"featured_media":131,"parent":0,"menu_order":0,"comment_status":"closed","ping_status":"closed","template":"","meta":{"footnotes":""},"class_list":["post-234","page","type-page","status-publish","has-post-thumbnail","hentry"],"yoast_head":"<!-- This site is optimized with the Yoast SEO plugin v27.3 - https:\/\/yoast.com\/product\/yoast-seo-wordpress\/ -->\n<title>Moje webinaria, wywiady i rozmowy - Monika SKRODZKA<\/title>\n<meta name=\"robots\" content=\"index, follow, max-snippet:-1, max-image-preview:large, max-video-preview:-1\" \/>\n<link rel=\"canonical\" href=\"https:\/\/www.monikaskrodzka.pl\/index.php\/moje-webinaria-wywiady-i-rozmowy\/\" \/>\n<meta property=\"og:locale\" content=\"pl_PL\" \/>\n<meta property=\"og:type\" content=\"article\" \/>\n<meta property=\"og:title\" content=\"Moje webinaria, wywiady i rozmowy - Monika SKRODZKA\" \/>\n<meta property=\"og:description\" content=\"Inteligencja emocjonalna \ud83d\udd35 Inteligencja emocjonalna &#8211; temat ostatnio modny, ale niezmiennie i niepodwa\u017calnie wa\u017cny. Zw\u0142aszcza w pracy mened\u017cera. Dlatego tym bardziej zach\u0119cam Was do obejrzenia\" \/>\n<meta property=\"og:url\" content=\"https:\/\/www.monikaskrodzka.pl\/index.php\/moje-webinaria-wywiady-i-rozmowy\/\" \/>\n<meta property=\"og:site_name\" content=\"Monika SKRODZKA\" \/>\n<meta property=\"article:modified_time\" content=\"2022-06-16T18:01:13+00:00\" \/>\n<meta property=\"og:image\" content=\"https:\/\/www.monikaskrodzka.pl\/wp-content\/uploads\/2021\/11\/248248243_185376133784473_9153802154783598711_n.jpg\" \/>\n\t<meta property=\"og:image:width\" content=\"901\" \/>\n\t<meta property=\"og:image:height\" content=\"730\" \/>\n\t<meta property=\"og:image:type\" content=\"image\/jpeg\" \/>\n<meta name=\"twitter:card\" content=\"summary_large_image\" \/>\n<meta name=\"twitter:label1\" content=\"Szacowany czas czytania\" \/>\n\t<meta name=\"twitter:data1\" content=\"2 minuty\" \/>\n<script type=\"application\/ld+json\" class=\"yoast-schema-graph\">{\"@context\":\"https:\\\/\\\/schema.org\",\"@graph\":[{\"@type\":\"WebPage\",\"@id\":\"https:\\\/\\\/www.monikaskrodzka.pl\\\/index.php\\\/moje-webinaria-wywiady-i-rozmowy\\\/\",\"url\":\"https:\\\/\\\/www.monikaskrodzka.pl\\\/index.php\\\/moje-webinaria-wywiady-i-rozmowy\\\/\",\"name\":\"Moje webinaria, wywiady i rozmowy - Monika SKRODZKA\",\"isPartOf\":{\"@id\":\"https:\\\/\\\/www.monikaskrodzka.pl\\\/#website\"},\"primaryImageOfPage\":{\"@id\":\"https:\\\/\\\/www.monikaskrodzka.pl\\\/index.php\\\/moje-webinaria-wywiady-i-rozmowy\\\/#primaryimage\"},\"image\":{\"@id\":\"https:\\\/\\\/www.monikaskrodzka.pl\\\/index.php\\\/moje-webinaria-wywiady-i-rozmowy\\\/#primaryimage\"},\"thumbnailUrl\":\"https:\\\/\\\/www.monikaskrodzka.pl\\\/wp-content\\\/uploads\\\/2021\\\/11\\\/248248243_185376133784473_9153802154783598711_n.jpg\",\"datePublished\":\"2022-02-06T22:56:34+00:00\",\"dateModified\":\"2022-06-16T18:01:13+00:00\",\"breadcrumb\":{\"@id\":\"https:\\\/\\\/www.monikaskrodzka.pl\\\/index.php\\\/moje-webinaria-wywiady-i-rozmowy\\\/#breadcrumb\"},\"inLanguage\":\"pl-PL\",\"potentialAction\":[{\"@type\":\"ReadAction\",\"target\":[\"https:\\\/\\\/www.monikaskrodzka.pl\\\/index.php\\\/moje-webinaria-wywiady-i-rozmowy\\\/\"]}]},{\"@type\":\"ImageObject\",\"inLanguage\":\"pl-PL\",\"@id\":\"https:\\\/\\\/www.monikaskrodzka.pl\\\/index.php\\\/moje-webinaria-wywiady-i-rozmowy\\\/#primaryimage\",\"url\":\"https:\\\/\\\/www.monikaskrodzka.pl\\\/wp-content\\\/uploads\\\/2021\\\/11\\\/248248243_185376133784473_9153802154783598711_n.jpg\",\"contentUrl\":\"https:\\\/\\\/www.monikaskrodzka.pl\\\/wp-content\\\/uploads\\\/2021\\\/11\\\/248248243_185376133784473_9153802154783598711_n.jpg\",\"width\":901,\"height\":730},{\"@type\":\"BreadcrumbList\",\"@id\":\"https:\\\/\\\/www.monikaskrodzka.pl\\\/index.php\\\/moje-webinaria-wywiady-i-rozmowy\\\/#breadcrumb\",\"itemListElement\":[{\"@type\":\"ListItem\",\"position\":1,\"name\":\"Strona g\u0142\u00f3wna\",\"item\":\"https:\\\/\\\/www.monikaskrodzka.pl\\\/\"},{\"@type\":\"ListItem\",\"position\":2,\"name\":\"Moje webinaria, wywiady i rozmowy\"}]},{\"@type\":\"WebSite\",\"@id\":\"https:\\\/\\\/www.monikaskrodzka.pl\\\/#website\",\"url\":\"https:\\\/\\\/www.monikaskrodzka.pl\\\/\",\"name\":\"Monika SKRODZKA\",\"description\":\"Ucz\u0119 tego, jak kreowa\u0107 skuteczne relacje (nie tylko) w biznesie!\",\"potentialAction\":[{\"@type\":\"SearchAction\",\"target\":{\"@type\":\"EntryPoint\",\"urlTemplate\":\"https:\\\/\\\/www.monikaskrodzka.pl\\\/?s={search_term_string}\"},\"query-input\":{\"@type\":\"PropertyValueSpecification\",\"valueRequired\":true,\"valueName\":\"search_term_string\"}}],\"inLanguage\":\"pl-PL\"}]}<\/script>\n<!-- \/ Yoast SEO plugin. -->","yoast_head_json":{"title":"Moje webinaria, wywiady i rozmowy - Monika SKRODZKA","robots":{"index":"index","follow":"follow","max-snippet":"max-snippet:-1","max-image-preview":"max-image-preview:large","max-video-preview":"max-video-preview:-1"},"canonical":"https:\/\/www.monikaskrodzka.pl\/index.php\/moje-webinaria-wywiady-i-rozmowy\/","og_locale":"pl_PL","og_type":"article","og_title":"Moje webinaria, wywiady i rozmowy - Monika SKRODZKA","og_description":"Inteligencja emocjonalna \ud83d\udd35 Inteligencja emocjonalna &#8211; temat ostatnio modny, ale niezmiennie i niepodwa\u017calnie wa\u017cny. Zw\u0142aszcza w pracy mened\u017cera. Dlatego tym bardziej zach\u0119cam Was do obejrzenia","og_url":"https:\/\/www.monikaskrodzka.pl\/index.php\/moje-webinaria-wywiady-i-rozmowy\/","og_site_name":"Monika SKRODZKA","article_modified_time":"2022-06-16T18:01:13+00:00","og_image":[{"width":901,"height":730,"url":"https:\/\/www.monikaskrodzka.pl\/wp-content\/uploads\/2021\/11\/248248243_185376133784473_9153802154783598711_n.jpg","type":"image\/jpeg"}],"twitter_card":"summary_large_image","twitter_misc":{"Szacowany czas czytania":"2 minuty"},"schema":{"@context":"https:\/\/schema.org","@graph":[{"@type":"WebPage","@id":"https:\/\/www.monikaskrodzka.pl\/index.php\/moje-webinaria-wywiady-i-rozmowy\/","url":"https:\/\/www.monikaskrodzka.pl\/index.php\/moje-webinaria-wywiady-i-rozmowy\/","name":"Moje webinaria, wywiady i rozmowy - Monika SKRODZKA","isPartOf":{"@id":"https:\/\/www.monikaskrodzka.pl\/#website"},"primaryImageOfPage":{"@id":"https:\/\/www.monikaskrodzka.pl\/index.php\/moje-webinaria-wywiady-i-rozmowy\/#primaryimage"},"image":{"@id":"https:\/\/www.monikaskrodzka.pl\/index.php\/moje-webinaria-wywiady-i-rozmowy\/#primaryimage"},"thumbnailUrl":"https:\/\/www.monikaskrodzka.pl\/wp-content\/uploads\/2021\/11\/248248243_185376133784473_9153802154783598711_n.jpg","datePublished":"2022-02-06T22:56:34+00:00","dateModified":"2022-06-16T18:01:13+00:00","breadcrumb":{"@id":"https:\/\/www.monikaskrodzka.pl\/index.php\/moje-webinaria-wywiady-i-rozmowy\/#breadcrumb"},"inLanguage":"pl-PL","potentialAction":[{"@type":"ReadAction","target":["https:\/\/www.monikaskrodzka.pl\/index.php\/moje-webinaria-wywiady-i-rozmowy\/"]}]},{"@type":"ImageObject","inLanguage":"pl-PL","@id":"https:\/\/www.monikaskrodzka.pl\/index.php\/moje-webinaria-wywiady-i-rozmowy\/#primaryimage","url":"https:\/\/www.monikaskrodzka.pl\/wp-content\/uploads\/2021\/11\/248248243_185376133784473_9153802154783598711_n.jpg","contentUrl":"https:\/\/www.monikaskrodzka.pl\/wp-content\/uploads\/2021\/11\/248248243_185376133784473_9153802154783598711_n.jpg","width":901,"height":730},{"@type":"BreadcrumbList","@id":"https:\/\/www.monikaskrodzka.pl\/index.php\/moje-webinaria-wywiady-i-rozmowy\/#breadcrumb","itemListElement":[{"@type":"ListItem","position":1,"name":"Strona g\u0142\u00f3wna","item":"https:\/\/www.monikaskrodzka.pl\/"},{"@type":"ListItem","position":2,"name":"Moje webinaria, wywiady i rozmowy"}]},{"@type":"WebSite","@id":"https:\/\/www.monikaskrodzka.pl\/#website","url":"https:\/\/www.monikaskrodzka.pl\/","name":"Monika SKRODZKA","description":"Ucz\u0119 tego, jak kreowa\u0107 skuteczne relacje (nie tylko) w biznesie!","potentialAction":[{"@type":"SearchAction","target":{"@type":"EntryPoint","urlTemplate":"https:\/\/www.monikaskrodzka.pl\/?s={search_term_string}"},"query-input":{"@type":"PropertyValueSpecification","valueRequired":true,"valueName":"search_term_string"}}],"inLanguage":"pl-PL"}]}},"post_mailing_queue_ids":[],"_links":{"self":[{"href":"https:\/\/www.monikaskrodzka.pl\/index.php\/wp-json\/wp\/v2\/pages\/234","targetHints":{"allow":["GET"]}}],"collection":[{"href":"https:\/\/www.monikaskrodzka.pl\/index.php\/wp-json\/wp\/v2\/pages"}],"about":[{"href":"https:\/\/www.monikaskrodzka.pl\/index.php\/wp-json\/wp\/v2\/types\/page"}],"author":[{"embeddable":true,"href":"https:\/\/www.monikaskrodzka.pl\/index.php\/wp-json\/wp\/v2\/users\/1"}],"replies":[{"embeddable":true,"href":"https:\/\/www.monikaskrodzka.pl\/index.php\/wp-json\/wp\/v2\/comments?post=234"}],"version-history":[{"count":6,"href":"https:\/\/www.monikaskrodzka.pl\/index.php\/wp-json\/wp\/v2\/pages\/234\/revisions"}],"predecessor-version":[{"id":555,"href":"https:\/\/www.monikaskrodzka.pl\/index.php\/wp-json\/wp\/v2\/pages\/234\/revisions\/555"}],"wp:featuredmedia":[{"embeddable":true,"href":"https:\/\/www.monikaskrodzka.pl\/index.php\/wp-json\/wp\/v2\/media\/131"}],"wp:attachment":[{"href":"https:\/\/www.monikaskrodzka.pl\/index.php\/wp-json\/wp\/v2\/media?parent=234"}],"curies":[{"name":"wp","href":"https:\/\/api.w.org\/{rel}","templated":true}]}}