{"id":46,"date":"2021-10-06T04:08:00","date_gmt":"2021-10-06T04:08:00","guid":{"rendered":"http:\/\/www.monikaskrodzka.pl\/?page_id=46"},"modified":"2025-08-16T22:25:10","modified_gmt":"2025-08-16T22:25:10","slug":"moje-uslugi","status":"publish","type":"page","link":"https:\/\/www.monikaskrodzka.pl\/index.php\/moje-uslugi\/","title":{"rendered":"Zapraszam do wsp\u00f3\u0142pracy"},"content":{"rendered":"\n<h3 class=\"wp-block-heading\"><strong>Ucz\u0119 i wspieram ludzi w tym, jak poprzez kreowanie dobrych relacji, skutecznie rozwija\u0107 biznes oraz stawa\u0107 si\u0119 efektywnym w pracy.<\/strong><\/h3>\n\n\n\n<h3 class=\"wp-block-heading\"><mark style=\"background-color:rgba(0, 0, 0, 0)\" class=\"has-inline-color has-secondary-color\">G\u0142\u00f3wne obszary mojej zawodowej aktywno\u015bci to:<\/mark><\/h3>\n\n\n\n<ul class=\"wp-block-list\">\n<li>Audyt i aktywizacja proces\u00f3w sprzeda\u017cy<\/li>\n\n\n\n<li>Optymalizacja dzia\u0142a\u0144 zwi\u0105zanych z Obs\u0142ug\u0105 Klienta<\/li>\n\n\n\n<li>Szkolenie i consulting w zakresie nauki efektywnego telemarketingu<\/li>\n\n\n\n<li>Komunikacja i kreowanie relacji handlowych<\/li>\n\n\n\n<li>Skuteczne zarz\u0105dzanie zespo\u0142em wsp\u00f3\u0142pracownik\u00f3w &#8211; zorientowane na cele i zadania <\/li>\n\n\n\n<li>Efektywne zarz\u0105dzanie w\u0142asnym potencja\u0142em i rozwojem osobistym<\/li>\n<\/ul>\n\n\n\n<p>Za co ceni\u0105 mnie moi klienci? <br>-za merytoryczne podej\u015bcie i przygotowanie<br>-za skuteczno\u015b\u0107<br>-za pomoc w rozwi\u0105zywaniu trudnych sytuacji<br>-za trafne rozwi\u0105zania i strategie dzia\u0142ania<br>-za umiej\u0119tno\u015b\u0107 \u0142\u0105czenia potrzeb klient\u00f3w z kierunkiem dzia\u0142ania<br>-za zaanga\u017cowanie, profesjonalizm i dobr\u0105 atmosfer\u0119<br>-za motywowanie i znajdowanie szytych na miar\u0119 potrzeb i mo\u017cliwo\u015bci rozwi\u0105za\u0144<\/p>\n\n\n\n<p>Mo\u017cesz sam\/a zobaczy\u0107 moje rekomendacje tutaj na LI i w mojej wizyt\u00f3wce Google &#8211; od moich klient\u00f3w, wsp\u00f3\u0142pracownik\u00f3w, pracownik\u00f3w &#8211; wi\u0119c z r\u00f3\u017cnych perspektyw, jak zawsze:)<\/p>\n\n\n\n<p>Sprawd\u017a i Ty:) Zapraszam Ci\u0119 na p\u00f3\u0142 godzinn\u0105 niezobowi\u0105zuj\u0105c\u0105 rozmow\u0119, podczas kt\u00f3rej ustalimy w czym i w jaki spos\u00f3b mog\u0119 Ci pom\u00f3c.<\/p>\n","protected":false},"excerpt":{"rendered":"<p>Ucz\u0119 i wspieram ludzi w tym, jak poprzez kreowanie dobrych relacji, skutecznie rozwija\u0107 biznes oraz stawa\u0107 si\u0119 efektywnym w pracy. G\u0142\u00f3wne obszary mojej zawodowej aktywno\u015bci<\/p>\n","protected":false},"author":1,"featured_media":2662,"parent":0,"menu_order":0,"comment_status":"closed","ping_status":"closed","template":"","meta":{"footnotes":""},"class_list":["post-46","page","type-page","status-publish","has-post-thumbnail","hentry"],"yoast_head":"<!-- This site is optimized with the Yoast SEO plugin v27.3 - https:\/\/yoast.com\/product\/yoast-seo-wordpress\/ -->\n<title>Zapraszam do wsp\u00f3\u0142pracy - Monika SKRODZKA<\/title>\n<meta name=\"robots\" content=\"index, follow, max-snippet:-1, max-image-preview:large, max-video-preview:-1\" \/>\n<link rel=\"canonical\" href=\"https:\/\/www.monikaskrodzka.pl\/index.php\/moje-uslugi\/\" \/>\n<meta property=\"og:locale\" content=\"pl_PL\" \/>\n<meta property=\"og:type\" content=\"article\" \/>\n<meta property=\"og:title\" content=\"Zapraszam do wsp\u00f3\u0142pracy - Monika SKRODZKA\" \/>\n<meta property=\"og:description\" content=\"Ucz\u0119 i wspieram ludzi w tym, jak poprzez kreowanie dobrych relacji, skutecznie rozwija\u0107 biznes oraz stawa\u0107 si\u0119 efektywnym w pracy. G\u0142\u00f3wne obszary mojej zawodowej aktywno\u015bci\" \/>\n<meta property=\"og:url\" content=\"https:\/\/www.monikaskrodzka.pl\/index.php\/moje-uslugi\/\" \/>\n<meta property=\"og:site_name\" content=\"Monika SKRODZKA\" \/>\n<meta property=\"article:modified_time\" content=\"2025-08-16T22:25:10+00:00\" \/>\n<meta property=\"og:image\" content=\"https:\/\/www.monikaskrodzka.pl\/wp-content\/uploads\/2025\/08\/Monika-Skrodzka-AkcjaRelacja-Monikapoleca-zarzadzanie-trudnyklient-sprzedaz-telemarketing-LinkedIn-markaosobista-rozwojlidera-mentoring.jpg\" \/>\n\t<meta property=\"og:image:width\" content=\"1024\" \/>\n\t<meta property=\"og:image:height\" content=\"1536\" \/>\n\t<meta property=\"og:image:type\" content=\"image\/jpeg\" \/>\n<meta name=\"twitter:card\" content=\"summary_large_image\" \/>\n<meta name=\"twitter:label1\" content=\"Szacowany czas czytania\" \/>\n\t<meta name=\"twitter:data1\" content=\"1 minuta\" \/>\n<script type=\"application\/ld+json\" class=\"yoast-schema-graph\">{\"@context\":\"https:\\\/\\\/schema.org\",\"@graph\":[{\"@type\":\"WebPage\",\"@id\":\"https:\\\/\\\/www.monikaskrodzka.pl\\\/index.php\\\/moje-uslugi\\\/\",\"url\":\"https:\\\/\\\/www.monikaskrodzka.pl\\\/index.php\\\/moje-uslugi\\\/\",\"name\":\"Zapraszam do wsp\u00f3\u0142pracy - Monika SKRODZKA\",\"isPartOf\":{\"@id\":\"https:\\\/\\\/www.monikaskrodzka.pl\\\/#website\"},\"primaryImageOfPage\":{\"@id\":\"https:\\\/\\\/www.monikaskrodzka.pl\\\/index.php\\\/moje-uslugi\\\/#primaryimage\"},\"image\":{\"@id\":\"https:\\\/\\\/www.monikaskrodzka.pl\\\/index.php\\\/moje-uslugi\\\/#primaryimage\"},\"thumbnailUrl\":\"https:\\\/\\\/www.monikaskrodzka.pl\\\/wp-content\\\/uploads\\\/2025\\\/08\\\/Monika-Skrodzka-AkcjaRelacja-Monikapoleca-zarzadzanie-trudnyklient-sprzedaz-telemarketing-LinkedIn-markaosobista-rozwojlidera-mentoring.jpg\",\"datePublished\":\"2021-10-06T04:08:00+00:00\",\"dateModified\":\"2025-08-16T22:25:10+00:00\",\"breadcrumb\":{\"@id\":\"https:\\\/\\\/www.monikaskrodzka.pl\\\/index.php\\\/moje-uslugi\\\/#breadcrumb\"},\"inLanguage\":\"pl-PL\",\"potentialAction\":[{\"@type\":\"ReadAction\",\"target\":[\"https:\\\/\\\/www.monikaskrodzka.pl\\\/index.php\\\/moje-uslugi\\\/\"]}]},{\"@type\":\"ImageObject\",\"inLanguage\":\"pl-PL\",\"@id\":\"https:\\\/\\\/www.monikaskrodzka.pl\\\/index.php\\\/moje-uslugi\\\/#primaryimage\",\"url\":\"https:\\\/\\\/www.monikaskrodzka.pl\\\/wp-content\\\/uploads\\\/2025\\\/08\\\/Monika-Skrodzka-AkcjaRelacja-Monikapoleca-zarzadzanie-trudnyklient-sprzedaz-telemarketing-LinkedIn-markaosobista-rozwojlidera-mentoring.jpg\",\"contentUrl\":\"https:\\\/\\\/www.monikaskrodzka.pl\\\/wp-content\\\/uploads\\\/2025\\\/08\\\/Monika-Skrodzka-AkcjaRelacja-Monikapoleca-zarzadzanie-trudnyklient-sprzedaz-telemarketing-LinkedIn-markaosobista-rozwojlidera-mentoring.jpg\",\"width\":1024,\"height\":1536,\"caption\":\"Monika-Skrodzka-AkcjaRelacja-Monikapoleca-zarzadzanie-trudnyklient-sprzedaz-telemarketing-LinkedIn-markaosobista-rozwojlidera-mentoring\"},{\"@type\":\"BreadcrumbList\",\"@id\":\"https:\\\/\\\/www.monikaskrodzka.pl\\\/index.php\\\/moje-uslugi\\\/#breadcrumb\",\"itemListElement\":[{\"@type\":\"ListItem\",\"position\":1,\"name\":\"Strona g\u0142\u00f3wna\",\"item\":\"https:\\\/\\\/www.monikaskrodzka.pl\\\/\"},{\"@type\":\"ListItem\",\"position\":2,\"name\":\"Zapraszam do wsp\u00f3\u0142pracy\"}]},{\"@type\":\"WebSite\",\"@id\":\"https:\\\/\\\/www.monikaskrodzka.pl\\\/#website\",\"url\":\"https:\\\/\\\/www.monikaskrodzka.pl\\\/\",\"name\":\"Monika SKRODZKA\",\"description\":\"Ucz\u0119 tego, jak kreowa\u0107 skuteczne relacje (nie tylko) w biznesie!\",\"potentialAction\":[{\"@type\":\"SearchAction\",\"target\":{\"@type\":\"EntryPoint\",\"urlTemplate\":\"https:\\\/\\\/www.monikaskrodzka.pl\\\/?s={search_term_string}\"},\"query-input\":{\"@type\":\"PropertyValueSpecification\",\"valueRequired\":true,\"valueName\":\"search_term_string\"}}],\"inLanguage\":\"pl-PL\"}]}<\/script>\n<!-- \/ Yoast SEO plugin. -->","yoast_head_json":{"title":"Zapraszam do wsp\u00f3\u0142pracy - Monika SKRODZKA","robots":{"index":"index","follow":"follow","max-snippet":"max-snippet:-1","max-image-preview":"max-image-preview:large","max-video-preview":"max-video-preview:-1"},"canonical":"https:\/\/www.monikaskrodzka.pl\/index.php\/moje-uslugi\/","og_locale":"pl_PL","og_type":"article","og_title":"Zapraszam do wsp\u00f3\u0142pracy - Monika SKRODZKA","og_description":"Ucz\u0119 i wspieram ludzi w tym, jak poprzez kreowanie dobrych relacji, skutecznie rozwija\u0107 biznes oraz stawa\u0107 si\u0119 efektywnym w pracy. G\u0142\u00f3wne obszary mojej zawodowej aktywno\u015bci","og_url":"https:\/\/www.monikaskrodzka.pl\/index.php\/moje-uslugi\/","og_site_name":"Monika SKRODZKA","article_modified_time":"2025-08-16T22:25:10+00:00","og_image":[{"width":1024,"height":1536,"url":"https:\/\/www.monikaskrodzka.pl\/wp-content\/uploads\/2025\/08\/Monika-Skrodzka-AkcjaRelacja-Monikapoleca-zarzadzanie-trudnyklient-sprzedaz-telemarketing-LinkedIn-markaosobista-rozwojlidera-mentoring.jpg","type":"image\/jpeg"}],"twitter_card":"summary_large_image","twitter_misc":{"Szacowany czas czytania":"1 minuta"},"schema":{"@context":"https:\/\/schema.org","@graph":[{"@type":"WebPage","@id":"https:\/\/www.monikaskrodzka.pl\/index.php\/moje-uslugi\/","url":"https:\/\/www.monikaskrodzka.pl\/index.php\/moje-uslugi\/","name":"Zapraszam do wsp\u00f3\u0142pracy - Monika SKRODZKA","isPartOf":{"@id":"https:\/\/www.monikaskrodzka.pl\/#website"},"primaryImageOfPage":{"@id":"https:\/\/www.monikaskrodzka.pl\/index.php\/moje-uslugi\/#primaryimage"},"image":{"@id":"https:\/\/www.monikaskrodzka.pl\/index.php\/moje-uslugi\/#primaryimage"},"thumbnailUrl":"https:\/\/www.monikaskrodzka.pl\/wp-content\/uploads\/2025\/08\/Monika-Skrodzka-AkcjaRelacja-Monikapoleca-zarzadzanie-trudnyklient-sprzedaz-telemarketing-LinkedIn-markaosobista-rozwojlidera-mentoring.jpg","datePublished":"2021-10-06T04:08:00+00:00","dateModified":"2025-08-16T22:25:10+00:00","breadcrumb":{"@id":"https:\/\/www.monikaskrodzka.pl\/index.php\/moje-uslugi\/#breadcrumb"},"inLanguage":"pl-PL","potentialAction":[{"@type":"ReadAction","target":["https:\/\/www.monikaskrodzka.pl\/index.php\/moje-uslugi\/"]}]},{"@type":"ImageObject","inLanguage":"pl-PL","@id":"https:\/\/www.monikaskrodzka.pl\/index.php\/moje-uslugi\/#primaryimage","url":"https:\/\/www.monikaskrodzka.pl\/wp-content\/uploads\/2025\/08\/Monika-Skrodzka-AkcjaRelacja-Monikapoleca-zarzadzanie-trudnyklient-sprzedaz-telemarketing-LinkedIn-markaosobista-rozwojlidera-mentoring.jpg","contentUrl":"https:\/\/www.monikaskrodzka.pl\/wp-content\/uploads\/2025\/08\/Monika-Skrodzka-AkcjaRelacja-Monikapoleca-zarzadzanie-trudnyklient-sprzedaz-telemarketing-LinkedIn-markaosobista-rozwojlidera-mentoring.jpg","width":1024,"height":1536,"caption":"Monika-Skrodzka-AkcjaRelacja-Monikapoleca-zarzadzanie-trudnyklient-sprzedaz-telemarketing-LinkedIn-markaosobista-rozwojlidera-mentoring"},{"@type":"BreadcrumbList","@id":"https:\/\/www.monikaskrodzka.pl\/index.php\/moje-uslugi\/#breadcrumb","itemListElement":[{"@type":"ListItem","position":1,"name":"Strona g\u0142\u00f3wna","item":"https:\/\/www.monikaskrodzka.pl\/"},{"@type":"ListItem","position":2,"name":"Zapraszam do wsp\u00f3\u0142pracy"}]},{"@type":"WebSite","@id":"https:\/\/www.monikaskrodzka.pl\/#website","url":"https:\/\/www.monikaskrodzka.pl\/","name":"Monika SKRODZKA","description":"Ucz\u0119 tego, jak kreowa\u0107 skuteczne relacje (nie tylko) w biznesie!","potentialAction":[{"@type":"SearchAction","target":{"@type":"EntryPoint","urlTemplate":"https:\/\/www.monikaskrodzka.pl\/?s={search_term_string}"},"query-input":{"@type":"PropertyValueSpecification","valueRequired":true,"valueName":"search_term_string"}}],"inLanguage":"pl-PL"}]}},"post_mailing_queue_ids":[],"_links":{"self":[{"href":"https:\/\/www.monikaskrodzka.pl\/index.php\/wp-json\/wp\/v2\/pages\/46","targetHints":{"allow":["GET"]}}],"collection":[{"href":"https:\/\/www.monikaskrodzka.pl\/index.php\/wp-json\/wp\/v2\/pages"}],"about":[{"href":"https:\/\/www.monikaskrodzka.pl\/index.php\/wp-json\/wp\/v2\/types\/page"}],"author":[{"embeddable":true,"href":"https:\/\/www.monikaskrodzka.pl\/index.php\/wp-json\/wp\/v2\/users\/1"}],"replies":[{"embeddable":true,"href":"https:\/\/www.monikaskrodzka.pl\/index.php\/wp-json\/wp\/v2\/comments?post=46"}],"version-history":[{"count":11,"href":"https:\/\/www.monikaskrodzka.pl\/index.php\/wp-json\/wp\/v2\/pages\/46\/revisions"}],"predecessor-version":[{"id":1593,"href":"https:\/\/www.monikaskrodzka.pl\/index.php\/wp-json\/wp\/v2\/pages\/46\/revisions\/1593"}],"wp:featuredmedia":[{"embeddable":true,"href":"https:\/\/www.monikaskrodzka.pl\/index.php\/wp-json\/wp\/v2\/media\/2662"}],"wp:attachment":[{"href":"https:\/\/www.monikaskrodzka.pl\/index.php\/wp-json\/wp\/v2\/media?parent=46"}],"curies":[{"name":"wp","href":"https:\/\/api.w.org\/{rel}","templated":true}]}}